{"id":1369,"date":"2025-09-12T13:28:38","date_gmt":"2025-09-12T13:28:38","guid":{"rendered":"https:\/\/supcentrum.com\/?post_type=product&#038;p=1369"},"modified":"2026-04-11T06:39:24","modified_gmt":"2026-04-11T06:39:24","slug":"coastal-vibes-11%e2%80%b26%e2%80%b2%e2%80%b2-sup-board-2","status":"publish","type":"product","link":"https:\/\/supcentrum.com\/de\/termek\/coastal-vibes-11%e2%80%b26%e2%80%b2%e2%80%b2-sup-board-2\/","title":{"rendered":"Coastal Vibes 11\u20326\u2032\u2032 SUP Board"},"content":{"rendered":"","protected":false},"excerpt":{"rendered":"<p><strong>A Coastal Vibes 11\u20326\u2032\u2032 t\u00f6k\u00e9letes sokoldal\u00fa SUP minden evezni v\u00e1gy\u00f3nak \u2013 kezd\u0151kt\u0151l a tapasztalt felhaszn\u00e1l\u00f3kig.<\/strong><br \/>\nDas breite Design sorgt f\u00fcr ausgezeichnete Stabilit\u00e4t und ist somit auch ideal f\u00fcr SUP-Einsteiger.<\/p>\n<p>Hergestellt aus strapazierf\u00e4higem PVC mit einer rutschfesten, bequemen Oberfl\u00e4che \u2013 hochwertige Materialien zu einem erschwinglichen Preis.<\/p>\n<p>Dank seiner Vielseitigkeit und dem vollst\u00e4ndigen Zubeh\u00f6rset ist es bereit f\u00fcr Entdeckungstouren auf Seen, Fl\u00fcssen und an der K\u00fcste.<\/p>","protected":false},"featured_media":1373,"comment_status":"open","ping_status":"closed","template":"","meta":[],"product_brand":[25],"product_cat":[24],"product_tag":[],"class_list":{"0":"post-1369","1":"product","2":"type-product","3":"status-publish","4":"has-post-thumbnail","6":"product_brand-funwater","7":"product_cat-sup-boards","9":"first","10":"instock","11":"sale","12":"featured","13":"shipping-taxable","14":"purchasable","15":"product-type-simple"},"jetpack_sharing_enabled":true,"_links":{"self":[{"href":"https:\/\/supcentrum.com\/de\/wp-json\/wp\/v2\/product\/1369","targetHints":{"allow":["GET"]}}],"collection":[{"href":"https:\/\/supcentrum.com\/de\/wp-json\/wp\/v2\/product"}],"about":[{"href":"https:\/\/supcentrum.com\/de\/wp-json\/wp\/v2\/types\/product"}],"replies":[{"embeddable":true,"href":"https:\/\/supcentrum.com\/de\/wp-json\/wp\/v2\/comments?post=1369"}],"wp:featuredmedia":[{"embeddable":true,"href":"https:\/\/supcentrum.com\/de\/wp-json\/wp\/v2\/media\/1373"}],"wp:attachment":[{"href":"https:\/\/supcentrum.com\/de\/wp-json\/wp\/v2\/media?parent=1369"}],"wp:term":[{"taxonomy":"product_brand","embeddable":true,"href":"https:\/\/supcentrum.com\/de\/wp-json\/wp\/v2\/product_brand?post=1369"},{"taxonomy":"product_cat","embeddable":true,"href":"https:\/\/supcentrum.com\/de\/wp-json\/wp\/v2\/product_cat?post=1369"},{"taxonomy":"product_tag","embeddable":true,"href":"https:\/\/supcentrum.com\/de\/wp-json\/wp\/v2\/product_tag?post=1369"}],"curies":[{"name":"wp","href":"https:\/\/api.w.org\/{rel}","templated":true}]}}