{"id":276,"date":"2025-07-19T07:02:17","date_gmt":"2025-07-19T07:02:17","guid":{"rendered":"https:\/\/supcentrum.com\/?post_type=product&#038;p=276"},"modified":"2026-03-06T12:18:13","modified_gmt":"2026-03-06T12:18:13","slug":"koi-11-6","status":"publish","type":"product","link":"https:\/\/supcentrum.com\/de\/produkt-2\/koi-11-6\/","title":{"rendered":"KOI 11\u20326\u2032\u2032 SUP Board"},"content":{"rendered":"","protected":false},"excerpt":{"rendered":"<p><strong>\u00c9lvezd a hat\u00e9kony, stabil \u00e9s sz\u00f3rakoztat\u00f3 evez\u00e9st a KOI 11\u20326\u2032\u2032 felf\u00fajhat\u00f3 SUP-pal!<\/strong><br \/>\nA l\u00e1tv\u00e1nyos koi mint\u00e1val \u00e9s ultra-k\u00f6nny\u0171 kialak\u00edt\u00e1ssal k\u00e9sz\u00fclt deszka <strong>35%-kal k\u00f6nnyebb<\/strong>, mint a hasonl\u00f3 m\u00e9ret\u0171 modellek, \u00edgy k\u00f6nnyed\u00e9n sz\u00e1ll\u00edthat\u00f3, felf\u00fajhat\u00f3 \u00e9s ir\u00e1ny\u00edthat\u00f3 a v\u00edzen.<\/p>\n<p>T\u00f6k\u00e9letes v\u00e1laszt\u00e1s t\u00far\u00e1z\u00e1shoz, felfedez\u00e9shez vagy j\u00f3g\u00e1z\u00e1shoz is, hiszen kiv\u00e1l\u00f3 egyens\u00falyt \u00e9s tart\u00f3ss\u00e1got biztos\u00edt minden evez\u00e9si szinten.<\/p>\n<p>A csomagban <strong>minden benne van<\/strong>, amire az indul\u00e1shoz sz\u00fcks\u00e9ged lehet: evez\u0151, pumpa, p\u00f3r\u00e1z, uszonyok \u00e9s hordt\u00e1ska.<br \/>\n<strong>Ide\u00e1lis t\u00e1rs a k\u00f6vetkez\u0151 kalandodhoz!<\/strong><\/p>","protected":false},"featured_media":158,"comment_status":"open","ping_status":"closed","template":"","meta":[],"product_brand":[25],"product_cat":[24],"product_tag":[],"class_list":{"0":"post-276","1":"product","2":"type-product","3":"status-publish","4":"has-post-thumbnail","6":"product_brand-funwater","7":"product_cat-sup-boards","9":"first","10":"instock","11":"sale","12":"featured","13":"shipping-taxable","14":"purchasable","15":"product-type-simple"},"jetpack_sharing_enabled":true,"_links":{"self":[{"href":"https:\/\/supcentrum.com\/de\/wp-json\/wp\/v2\/product\/276","targetHints":{"allow":["GET"]}}],"collection":[{"href":"https:\/\/supcentrum.com\/de\/wp-json\/wp\/v2\/product"}],"about":[{"href":"https:\/\/supcentrum.com\/de\/wp-json\/wp\/v2\/types\/product"}],"replies":[{"embeddable":true,"href":"https:\/\/supcentrum.com\/de\/wp-json\/wp\/v2\/comments?post=276"}],"wp:featuredmedia":[{"embeddable":true,"href":"https:\/\/supcentrum.com\/de\/wp-json\/wp\/v2\/media\/158"}],"wp:attachment":[{"href":"https:\/\/supcentrum.com\/de\/wp-json\/wp\/v2\/media?parent=276"}],"wp:term":[{"taxonomy":"product_brand","embeddable":true,"href":"https:\/\/supcentrum.com\/de\/wp-json\/wp\/v2\/product_brand?post=276"},{"taxonomy":"product_cat","embeddable":true,"href":"https:\/\/supcentrum.com\/de\/wp-json\/wp\/v2\/product_cat?post=276"},{"taxonomy":"product_tag","embeddable":true,"href":"https:\/\/supcentrum.com\/de\/wp-json\/wp\/v2\/product_tag?post=276"}],"curies":[{"name":"wp","href":"https:\/\/api.w.org\/{rel}","templated":true}]}}