{"id":278,"date":"2025-07-19T07:20:00","date_gmt":"2025-07-19T07:20:00","guid":{"rendered":"https:\/\/supcentrum.com\/?post_type=product&#038;p=278"},"modified":"2025-12-18T22:11:06","modified_gmt":"2025-12-18T22:11:06","slug":"monkey-11","status":"publish","type":"product","link":"https:\/\/supcentrum.com\/de\/produkt-2\/monkey-11\/","title":{"rendered":"Monkey 11\u2032 SUP Board"},"content":{"rendered":"","protected":false},"excerpt":{"rendered":"<p><strong>A Monkey 11\u2032 felf\u00fajhat\u00f3 SUP a t\u00f6k\u00e9letes egyens\u00faly a sz\u00f3rakoz\u00e1s, sebess\u00e9g \u00e9s stabilit\u00e1s k\u00f6z\u00f6tt.<\/strong><br \/>\nExtra sz\u00e9les fel\u00fclete kiv\u00e1l\u00f3 egyens\u00falyt biztos\u00edt, m\u00e9g kezd\u0151k sz\u00e1m\u00e1ra is, m\u00edg a hegyes forma sima \u00e9s gyors evez\u00e9st tesz lehet\u0151v\u00e9.<\/p>\n<p>K\u00f6nny\u0171 \u00e9s hordozhat\u00f3, egyszer\u0171en sz\u00e1ll\u00edthat\u00f3 \u00e9s felf\u00fajhat\u00f3, <strong>ide\u00e1lis tavakhoz, foly\u00f3khoz vagy tengeri kalandokhoz<\/strong>.<br \/>\nA h\u00e1romuszonyos rendszer minden k\u00f6r\u00fclm\u00e9ny k\u00f6z\u00f6tt jav\u00edtja az ir\u00e1ny\u00edthat\u00f3s\u00e1got, a magas nyom\u00e1s\u00fa felf\u00faj\u00e1s pedig <strong>massz\u00edv, merevdeszkaszer\u0171 \u00e9lm\u00e9nyt<\/strong> ny\u00fajt.<\/p>\n<p>A szett tartalmazza az \u00f6sszes sz\u00fcks\u00e9ges kieg\u00e9sz\u00edt\u0151t: evez\u0151t, pump\u00e1t, uszonyokat, p\u00f3r\u00e1zt \u00e9s hordt\u00e1sk\u00e1t \u2013 <strong>mindent, amire sz\u00fcks\u00e9ged van a k\u00f6vetkez\u0151 SUP-\u00e9lm\u00e9nyedhez!<\/strong><\/p>","protected":false},"featured_media":170,"comment_status":"open","ping_status":"closed","template":"","meta":[],"product_brand":[25],"product_cat":[24],"product_tag":[],"class_list":{"0":"post-278","1":"product","2":"type-product","3":"status-publish","4":"has-post-thumbnail","6":"product_brand-funwater","7":"product_cat-sup-boards","9":"first","10":"instock","11":"sale","12":"featured","13":"shipping-taxable","14":"purchasable","15":"product-type-simple"},"jetpack_sharing_enabled":true,"_links":{"self":[{"href":"https:\/\/supcentrum.com\/de\/wp-json\/wp\/v2\/product\/278","targetHints":{"allow":["GET"]}}],"collection":[{"href":"https:\/\/supcentrum.com\/de\/wp-json\/wp\/v2\/product"}],"about":[{"href":"https:\/\/supcentrum.com\/de\/wp-json\/wp\/v2\/types\/product"}],"replies":[{"embeddable":true,"href":"https:\/\/supcentrum.com\/de\/wp-json\/wp\/v2\/comments?post=278"}],"wp:featuredmedia":[{"embeddable":true,"href":"https:\/\/supcentrum.com\/de\/wp-json\/wp\/v2\/media\/170"}],"wp:attachment":[{"href":"https:\/\/supcentrum.com\/de\/wp-json\/wp\/v2\/media?parent=278"}],"wp:term":[{"taxonomy":"product_brand","embeddable":true,"href":"https:\/\/supcentrum.com\/de\/wp-json\/wp\/v2\/product_brand?post=278"},{"taxonomy":"product_cat","embeddable":true,"href":"https:\/\/supcentrum.com\/de\/wp-json\/wp\/v2\/product_cat?post=278"},{"taxonomy":"product_tag","embeddable":true,"href":"https:\/\/supcentrum.com\/de\/wp-json\/wp\/v2\/product_tag?post=278"}],"curies":[{"name":"wp","href":"https:\/\/api.w.org\/{rel}","templated":true}]}}