{"id":280,"date":"2025-07-19T07:22:07","date_gmt":"2025-07-19T07:22:07","guid":{"rendered":"https:\/\/supcentrum.com\/?post_type=product&#038;p=280"},"modified":"2026-04-08T21:06:35","modified_gmt":"2026-04-08T21:06:35","slug":"tiki-10-6","status":"publish","type":"product","link":"https:\/\/supcentrum.com\/hu\/termek\/tiki-10-6\/","title":{"rendered":"Tiki 10&#8217;6&#8243; SUP Board"},"content":{"rendered":"","protected":false},"excerpt":{"rendered":"<p><strong>A sz\u00f3rakoz\u00e1s \u00e9s a stabilit\u00e1s tal\u00e1lkoz\u00e1sa \u2013 Tiki 10&#8217;6&#8243; SUP!<\/strong><br \/>\nL\u00e1tv\u00e1nyos Tiki mint\u00e1ival \u00e9s sz\u00e9les, lekerek\u00edtett kialak\u00edt\u00e1s\u00e1val ez a deszka kiv\u00e1l\u00f3 egyens\u00falyt ny\u00fajt kezd\u0151knek \u00e9s tapasztalt evez\u0151knek egyar\u00e1nt.<\/p>\n<p>K\u00f6nny\u0171, egyszer\u0171en hordozhat\u00f3, \u00edgy t\u00f6k\u00e9letes v\u00e1laszt\u00e1s t\u00far\u00e1z\u00e1shoz, j\u00f3g\u00e1hoz, horg\u00e1szathoz, valamint foly\u00f3k, tavak \u00e9s tengerek felfedez\u00e9s\u00e9hez.<\/p>\n<p>A nagy nyom\u00e1s\u00fa szerkezet kiemelked\u0151 merevs\u00e9get \u00e9s tart\u00f3ss\u00e1got biztos\u00edt, a teljes kieg\u00e9sz\u00edt\u0151csomaggal pedig azonnal v\u00edzre sz\u00e1llhatsz!<\/p>\n","protected":false},"featured_media":184,"comment_status":"open","ping_status":"closed","template":"","meta":[],"product_brand":[25],"product_cat":[24],"product_tag":[],"class_list":{"0":"post-280","1":"product","2":"type-product","3":"status-publish","4":"has-post-thumbnail","6":"product_brand-funwater","7":"product_cat-sup-boards","9":"first","10":"instock","11":"sale","12":"featured","13":"shipping-taxable","14":"purchasable","15":"product-type-simple"},"jetpack_sharing_enabled":true,"_links":{"self":[{"href":"https:\/\/supcentrum.com\/hu\/wp-json\/wp\/v2\/product\/280","targetHints":{"allow":["GET"]}}],"collection":[{"href":"https:\/\/supcentrum.com\/hu\/wp-json\/wp\/v2\/product"}],"about":[{"href":"https:\/\/supcentrum.com\/hu\/wp-json\/wp\/v2\/types\/product"}],"replies":[{"embeddable":true,"href":"https:\/\/supcentrum.com\/hu\/wp-json\/wp\/v2\/comments?post=280"}],"wp:featuredmedia":[{"embeddable":true,"href":"https:\/\/supcentrum.com\/hu\/wp-json\/wp\/v2\/media\/184"}],"wp:attachment":[{"href":"https:\/\/supcentrum.com\/hu\/wp-json\/wp\/v2\/media?parent=280"}],"wp:term":[{"taxonomy":"product_brand","embeddable":true,"href":"https:\/\/supcentrum.com\/hu\/wp-json\/wp\/v2\/product_brand?post=280"},{"taxonomy":"product_cat","embeddable":true,"href":"https:\/\/supcentrum.com\/hu\/wp-json\/wp\/v2\/product_cat?post=280"},{"taxonomy":"product_tag","embeddable":true,"href":"https:\/\/supcentrum.com\/hu\/wp-json\/wp\/v2\/product_tag?post=280"}],"curies":[{"name":"wp","href":"https:\/\/api.w.org\/{rel}","templated":true}]}}