{"id":284,"date":"2025-07-19T07:27:22","date_gmt":"2025-07-19T07:27:22","guid":{"rendered":"https:\/\/supcentrum.com\/?post_type=product&#038;p=284"},"modified":"2026-04-11T08:48:39","modified_gmt":"2026-04-11T08:48:39","slug":"ocean-11","status":"publish","type":"product","link":"https:\/\/supcentrum.com\/hu\/termek\/ocean-11\/","title":{"rendered":"Ocean 11&#8242; SUP Board"},"content":{"rendered":"","protected":false},"excerpt":{"rendered":"<p><strong data-start=\"36\" data-end=\"80\">K\u00f6nny\u0171, strapab\u00edr\u00f3, \u00e9s kalandra tervezve! <\/strong>Az\u00a0<strong data-start=\"86\" data-end=\"99\">Ocean 11&#8242;<\/strong> az ide\u00e1lis, mindenre alkalmas SUP deszka. A <strong data-start=\"144\" data-end=\"173\">k\u00e9tr\u00e9teg\u0171 PVC meger\u0151s\u00edt\u00e9s<\/strong>, a <strong data-start=\"177\" data-end=\"209\">360\u00b0-os cs\u00fasz\u00e1sg\u00e1tl\u00f3 fel\u00fclet<\/strong> \u00e9s a <strong data-start=\"215\" data-end=\"245\">gyors felf\u00faj\u00e1s\u00fa kialak\u00edt\u00e1s<\/strong> r\u00e9v\u00e9n t\u00f6k\u00e9letes v\u00e1laszt\u00e1s kezd\u0151knek \u00e9s halad\u00f3knak egyar\u00e1nt. Legyen sz\u00f3 nyugodt tavakon val\u00f3 sikl\u00e1sr\u00f3l vagy part menti hull\u00e1mok megh\u00f3d\u00edt\u00e1s\u00e1r\u00f3l, ez a deszka stabilit\u00e1st, tapad\u00e1st \u00e9s szabads\u00e1got ny\u00fajt a v\u00edzen.<\/p>\n","protected":false},"featured_media":226,"comment_status":"open","ping_status":"closed","template":"","meta":[],"product_brand":[25],"product_cat":[24],"product_tag":[],"class_list":{"0":"post-284","1":"product","2":"type-product","3":"status-publish","4":"has-post-thumbnail","6":"product_brand-funwater","7":"product_cat-sup-boards","9":"first","10":"outofstock","11":"sale","12":"featured","13":"shipping-taxable","14":"purchasable","15":"product-type-simple"},"jetpack_sharing_enabled":true,"_links":{"self":[{"href":"https:\/\/supcentrum.com\/hu\/wp-json\/wp\/v2\/product\/284","targetHints":{"allow":["GET"]}}],"collection":[{"href":"https:\/\/supcentrum.com\/hu\/wp-json\/wp\/v2\/product"}],"about":[{"href":"https:\/\/supcentrum.com\/hu\/wp-json\/wp\/v2\/types\/product"}],"replies":[{"embeddable":true,"href":"https:\/\/supcentrum.com\/hu\/wp-json\/wp\/v2\/comments?post=284"}],"wp:featuredmedia":[{"embeddable":true,"href":"https:\/\/supcentrum.com\/hu\/wp-json\/wp\/v2\/media\/226"}],"wp:attachment":[{"href":"https:\/\/supcentrum.com\/hu\/wp-json\/wp\/v2\/media?parent=284"}],"wp:term":[{"taxonomy":"product_brand","embeddable":true,"href":"https:\/\/supcentrum.com\/hu\/wp-json\/wp\/v2\/product_brand?post=284"},{"taxonomy":"product_cat","embeddable":true,"href":"https:\/\/supcentrum.com\/hu\/wp-json\/wp\/v2\/product_cat?post=284"},{"taxonomy":"product_tag","embeddable":true,"href":"https:\/\/supcentrum.com\/hu\/wp-json\/wp\/v2\/product_tag?post=284"}],"curies":[{"name":"wp","href":"https:\/\/api.w.org\/{rel}","templated":true}]}}