{"id":441,"date":"2025-07-23T09:44:49","date_gmt":"2025-07-23T09:44:49","guid":{"rendered":"https:\/\/supcentrum.com\/?page_id=441"},"modified":"2025-07-31T12:02:41","modified_gmt":"2025-07-31T12:02:41","slug":"shipping","status":"publish","type":"page","link":"https:\/\/supcentrum.com\/ro\/shipping\/","title":{"rendered":"Livrare"},"content":{"rendered":"<div data-elementor-type=\"wp-page\" data-elementor-id=\"441\" class=\"elementor elementor-441\" data-elementor-post-type=\"page\">\n\t\t\t\t<div class=\"elementor-element elementor-element-1235081b e-flex e-con-boxed e-con e-parent\" data-id=\"1235081b\" data-element_type=\"container\">\n\t\t\t\t\t<div class=\"e-con-inner\">\n\t\t\t\t<div class=\"elementor-element elementor-element-4ba35619 elementor-widget elementor-widget-text-editor\" data-id=\"4ba35619\" data-element_type=\"widget\" data-widget_type=\"text-editor.default\">\n\t\t\t\t\t\t\t\t\t<p data-start=\"24\" data-end=\"227\">La SUP Centrum, ne angaj\u0103m s\u0103 livr\u0103m comenzile dumneavoastr\u0103 prompt \u0219i \u00een siguran\u021b\u0103. Mai jos g\u0103si\u021bi detaliile despre procesul nostru de livrare, termenele estimate \u0219i costuri.<\/p><hr data-start=\"229\" data-end=\"232\" \/><h3 data-start=\"234\" data-end=\"258\">Costuri de Livrare<\/h3><p data-start=\"260\" data-end=\"312\">\ud83d\ude9a Livrare Gratuit\u0103: Pentru toate comenzile<\/p><hr data-start=\"314\" data-end=\"317\" \/><h3 data-start=\"319\" data-end=\"339\">Timp de Procesare<\/h3><ul data-start=\"341\" data-end=\"539\"><li data-start=\"341\" data-end=\"449\"><p data-start=\"343\" data-end=\"449\">Comenzile sunt procesate de obicei \u00een termen de 1-2 zile lucr\u0103toare dup\u0103 confirmarea pl\u0103\u021bii.<\/p><\/li><li data-start=\"450\" data-end=\"539\"><p data-start=\"452\" data-end=\"539\">Comenzile plasate \u00een weekend sau \u00een zilele de s\u0103rb\u0103toare vor fi procesate \u00een urm\u0103toarea zi lucr\u0103toare.<\/p><\/li><\/ul><hr data-start=\"541\" data-end=\"544\" \/><h3 data-start=\"546\" data-end=\"572\">Timp Estimat de Livrare<\/h3><p data-start=\"574\" data-end=\"617\">\ud83d\udce6 Timpul standard de livrare: 2-3 zile lucr\u0103toare.<\/p><p data-start=\"619\" data-end=\"772\">Timpii de livrare pot varia din cauza unor factori ce nu depind de noi, cum ar fi \u00eent\u00e2rzieri ale curierului sau condi\u021bii meteorologice.<\/p><hr data-start=\"774\" data-end=\"777\" \/><h3 data-start=\"779\" data-end=\"813\">Colete Deteriorate sau Pierdute<\/h3><p data-start=\"815\" data-end=\"873\">Dac\u0103 comanda dumneavoastr\u0103 a fost deteriorat\u0103 sau pierdut\u0103 \u00een timpul transportului:<\/p><ol data-start=\"875\" data-end=\"1172\"><li data-start=\"875\" data-end=\"973\"><p data-start=\"878\" data-end=\"973\">Contacta\u021bi-ne \u00een termen de 48 de ore de la livrare sau de la data estimat\u0103 a livr\u0103rii.<\/p><\/li><li data-start=\"974\" data-end=\"1050\"><p data-start=\"977\" data-end=\"1050\">Furniza\u021bi fotografii ale eventualelor daune \u0219i detaliile comenzii.<\/p><\/li><li data-start=\"1051\" data-end=\"1172\"><p data-start=\"1054\" data-end=\"1172\">Vom colabora cu firma de curierat pentru a rezolva problema \u0219i vom aranja un \u00eenlocuitor sau o rambursare, dac\u0103 este necesar.<\/p><\/li><\/ol><hr data-start=\"1174\" data-end=\"1177\" \/><h3 data-start=\"1179\" data-end=\"1222\">Modific\u0103ri ale Comenzii sau Adresei<\/h3><p data-start=\"1224\" data-end=\"1294\">Dac\u0103 ave\u021bi nevoie s\u0103 actualiza\u021bi adresa de livrare dup\u0103 plasarea comenzii, v\u0103 rug\u0103m s\u0103 ne contacta\u021bi imediat la<\/p><p data-start=\"1296\" data-end=\"1428\">\ud83d\udce9 <a class=\"cursor-pointer\" rel=\"noopener\" data-start=\"1341\" data-end=\"1363\">contact@supcentrum.com<\/a><br data-start=\"1363\" data-end=\"1366\" \/>Modific\u0103rile pot fi f\u0103cute doar \u00eenainte ca comanda s\u0103 fie expediat\u0103.<\/p>\t\t\t\t\t\t\t\t<\/div>\n\t\t\t\t\t<\/div>\n\t\t\t\t<\/div>\n\t\t\t\t<\/div>","protected":false},"excerpt":{"rendered":"<p>A SUP Centrum elk\u00f6telezett amellett, hogy megrendel\u00e9seidet gyorsan \u00e9s biztons\u00e1gosan juttassa el hozz\u00e1d. Az al\u00e1bbiakban r\u00e9szletesen bemutatjuk sz\u00e1ll\u00edt\u00e1si folyamatunkat, hat\u00e1rid\u0151inket \u00e9s k\u00f6lts\u00e9geinket. Sz\u00e1ll\u00edt\u00e1si k\u00f6lts\u00e9gek \ud83d\ude9a Ingyenes sz\u00e1ll\u00edt\u00e1s minden megrendel\u00e9s eset\u00e9n! Feldolgoz\u00e1si id\u0151 A rendel\u00e9sek feldolgoz\u00e1sa \u00e1ltal\u00e1ban 1\u20132 munkanapon bel\u00fcl megt\u00f6rt\u00e9nik a fizet\u00e9s visszaigazol\u00e1sa ut\u00e1n. A h\u00e9tv\u00e9g\u00e9n vagy \u00fcnnepnapokon leadott rendel\u00e9seket a k\u00f6vetkez\u0151 munkanapon dolgozzuk fel. &#8230; <a title=\"Livrare\" class=\"read-more\" href=\"https:\/\/supcentrum.com\/ro\/shipping\/\" aria-label=\"Cite\u0219te mai multe despre Sz\u00e1ll\u00edt\u00e1s\">Cite\u0219te mai mult<\/a><\/p>","protected":false},"author":1,"featured_media":0,"parent":0,"menu_order":0,"comment_status":"closed","ping_status":"closed","template":"","meta":{"footnotes":""},"class_list":["post-441","page","type-page","status-publish"],"jetpack_sharing_enabled":true,"_links":{"self":[{"href":"https:\/\/supcentrum.com\/ro\/wp-json\/wp\/v2\/pages\/441","targetHints":{"allow":["GET"]}}],"collection":[{"href":"https:\/\/supcentrum.com\/ro\/wp-json\/wp\/v2\/pages"}],"about":[{"href":"https:\/\/supcentrum.com\/ro\/wp-json\/wp\/v2\/types\/page"}],"author":[{"embeddable":true,"href":"https:\/\/supcentrum.com\/ro\/wp-json\/wp\/v2\/users\/1"}],"replies":[{"embeddable":true,"href":"https:\/\/supcentrum.com\/ro\/wp-json\/wp\/v2\/comments?post=441"}],"version-history":[{"count":4,"href":"https:\/\/supcentrum.com\/ro\/wp-json\/wp\/v2\/pages\/441\/revisions"}],"predecessor-version":[{"id":1230,"href":"https:\/\/supcentrum.com\/ro\/wp-json\/wp\/v2\/pages\/441\/revisions\/1230"}],"wp:attachment":[{"href":"https:\/\/supcentrum.com\/ro\/wp-json\/wp\/v2\/media?parent=441"}],"curies":[{"name":"wp","href":"https:\/\/api.w.org\/{rel}","templated":true}]}}