{"id":1616,"date":"2026-04-10T07:45:35","date_gmt":"2026-04-10T07:45:35","guid":{"rendered":"https:\/\/supcentrum.com\/?post_type=product&#038;p=1616"},"modified":"2026-04-10T21:05:56","modified_gmt":"2026-04-10T21:05:56","slug":"coastal-vibes-11%e2%80%b26%e2%80%b2%e2%80%b2-sup-board-3","status":"publish","type":"product","link":"https:\/\/supcentrum.com\/ro\/termek\/coastal-vibes-11%e2%80%b26%e2%80%b2%e2%80%b2-sup-board-3\/","title":{"rendered":"Coastal Vibes 11\u20326\u2032\u2032 SUP Board"},"content":{"rendered":"","protected":false},"excerpt":{"rendered":"<p><strong>A Coastal Vibes 11\u20326\u2032\u2032 t\u00f6k\u00e9letes sokoldal\u00fa SUP minden evezni v\u00e1gy\u00f3nak \u2013 kezd\u0151kt\u0151l a tapasztalt felhaszn\u00e1l\u00f3kig.<\/strong><br \/>\nDesignul s\u0103u lat ofer\u0103 o stabilitate excelent\u0103, fiind o alegere ideal\u0103 chiar \u0219i pentru cei care \u00eencearc\u0103 SUP pentru prima dat\u0103.<\/p>\n<p>Fabricat\u0103 din PVC durabil, cu o suprafa\u021b\u0103 antiderapant\u0103 \u0219i confortabil\u0103 \u2013 materiale de calitate la un pre\u021b accesibil.<\/p>\n<p>Datorit\u0103 versatilit\u0103\u021bii \u0219i setului complet de accesorii, este preg\u0103tit\u0103 pentru explorarea lacurilor, r\u00e2urilor \u0219i aventurilor de coast\u0103.<\/p>","protected":false},"featured_media":1620,"comment_status":"open","ping_status":"closed","template":"","meta":[],"product_brand":[25],"product_cat":[24],"product_tag":[],"class_list":{"0":"post-1616","1":"product","2":"type-product","3":"status-publish","4":"has-post-thumbnail","6":"product_brand-funwater","7":"product_cat-sup-boards","9":"first","10":"instock","11":"sale","12":"featured","13":"shipping-taxable","14":"purchasable","15":"product-type-simple"},"jetpack_sharing_enabled":true,"_links":{"self":[{"href":"https:\/\/supcentrum.com\/ro\/wp-json\/wp\/v2\/product\/1616","targetHints":{"allow":["GET"]}}],"collection":[{"href":"https:\/\/supcentrum.com\/ro\/wp-json\/wp\/v2\/product"}],"about":[{"href":"https:\/\/supcentrum.com\/ro\/wp-json\/wp\/v2\/types\/product"}],"replies":[{"embeddable":true,"href":"https:\/\/supcentrum.com\/ro\/wp-json\/wp\/v2\/comments?post=1616"}],"wp:featuredmedia":[{"embeddable":true,"href":"https:\/\/supcentrum.com\/ro\/wp-json\/wp\/v2\/media\/1620"}],"wp:attachment":[{"href":"https:\/\/supcentrum.com\/ro\/wp-json\/wp\/v2\/media?parent=1616"}],"wp:term":[{"taxonomy":"product_brand","embeddable":true,"href":"https:\/\/supcentrum.com\/ro\/wp-json\/wp\/v2\/product_brand?post=1616"},{"taxonomy":"product_cat","embeddable":true,"href":"https:\/\/supcentrum.com\/ro\/wp-json\/wp\/v2\/product_cat?post=1616"},{"taxonomy":"product_tag","embeddable":true,"href":"https:\/\/supcentrum.com\/ro\/wp-json\/wp\/v2\/product_tag?post=1616"}],"curies":[{"name":"wp","href":"https:\/\/api.w.org\/{rel}","templated":true}]}}